{"id":475,"date":"2022-07-06T13:03:48","date_gmt":"2022-07-06T11:03:48","guid":{"rendered":"https:\/\/holmsilicon.de\/thin-film-coating-industry-target\/"},"modified":"2022-09-28T12:16:49","modified_gmt":"2022-09-28T10:16:49","slug":"thin-film-coating-industry-target","status":"publish","type":"page","link":"https:\/\/holmsilicon.de\/en\/thin-film-coating-industry-target\/","title":{"rendered":"Thin Film \/ Coating Industry \/ Target"},"content":{"rendered":"<section class=\"l-section wpb_row height_medium\"><div class=\"l-section-h i-cf\"><div class=\"g-cols vc_row via_grid cols_2 laptops-cols_inherit tablets-cols_inherit mobiles-cols_1 valign_top type_default stacking_default\"><div class=\"wpb_column vc_column_container\"><div class=\"vc_column-inner\"><div class=\"wpb_text_column\"><div class=\"wpb_wrapper\"><h2>Targets in <span style=\"color: #189ace;\">verschiedenen Gr\u00f6\u00dfen.<\/span><\/h2>\n<p><span style=\"font-weight: 400;\">Im Bereich der Beschichtungs- bzw. D\u00fcnnschichtindustrie (Sputter Industrie) ist Silicium ein wesentliches Element f\u00fcr die Beschichtung verschiedenster Materialien und Anwendungsbereiche (Fensterglas, Displays bis hin zu DVD und Blu-Rays).\u00a0\u00a0<\/span><\/p>\n<p><span style=\"font-weight: 400;\">Wir k\u00f6nnen Ihnen Targets verschiedener Gr\u00f6\u00dfen und Geometrie anbieten.<\/span><\/p>\n<ul>\n<li style=\"font-weight: 400;\" aria-level=\"1\"><span style=\"font-weight: 400;\">Durchmesser bis ca. 700 mm (poly oder mono)<\/span><\/li>\n<li style=\"font-weight: 400;\" aria-level=\"1\"><span style=\"font-weight: 400;\">Rechtecke von ca. 500&#215;800 mm\u00b2 als Einzelteil<\/span><\/li>\n<li style=\"font-weight: 400;\" aria-level=\"1\"><span style=\"font-weight: 400;\">Jede Form (Rund, Radien, Freiformen) sind durch unseren CNC Maschinenpark m\u00f6glich<\/span><\/li>\n<li style=\"font-weight: 400;\" aria-level=\"1\"><span style=\"font-weight: 400;\">Rohrtargets<\/span><\/li>\n<li style=\"font-weight: 400;\" aria-level=\"1\"><span style=\"font-weight: 400;\">MBE ( Komponenten aus hochreinem Silicium (&gt; 5000 Ohmxcm)<\/span><\/li>\n<\/ul>\n<\/div><\/div><\/div><\/div><div class=\"wpb_column vc_column_container\"><div class=\"vc_column-inner\"><div class=\"w-image align_none\"><div class=\"w-image-h\"><img decoding=\"async\" width=\"1024\" height=\"683\" src=\"https:\/\/holmsilicon.de\/wp-content\/uploads\/2022\/08\/Bearbeitung-von-Silicium-1024x683.webp\" class=\"attachment-large size-large\" alt=\"\" loading=\"lazy\" srcset=\"https:\/\/holmsilicon.de\/wp-content\/uploads\/2022\/08\/Bearbeitung-von-Silicium-1024x683.webp 1024w, https:\/\/holmsilicon.de\/wp-content\/uploads\/2022\/08\/Bearbeitung-von-Silicium-300x200.webp 300w, https:\/\/holmsilicon.de\/wp-content\/uploads\/2022\/08\/Bearbeitung-von-Silicium.webp 1600w\" sizes=\"auto, (max-width: 1024px) 100vw, 1024px\" \/><\/div><\/div><\/div><\/div><\/div><\/div><\/section><section class=\"l-section wpb_row height_medium\"><div class=\"l-section-h i-cf\"><div class=\"g-cols vc_row via_grid cols_2 laptops-cols_inherit tablets-cols_inherit mobiles-cols_1 valign_top type_default stacking_default\"><div class=\"wpb_column vc_column_container us_custom_42fab9da has_bg_color stretched\"><div class=\"vc_column-inner\"><\/div><\/div><div class=\"wpb_column vc_column_container\"><div class=\"vc_column-inner\"><div class=\"wpb_text_column\"><div class=\"wpb_wrapper\"><h2>Best possible <span style=\"color: #189ace;\">choice of materials.<\/span><\/h2>\n<p><span style=\"font-weight: 400;\">We offer, depending on the process, the best possible or desired resistance and doping of the silicon:<\/span><\/p>\n<ul>\n<li style=\"font-weight: 400;\" aria-level=\"1\"><span style=\"font-weight: 400;\">Poly or Mono Silicon<\/span><\/li>\n<li style=\"font-weight: 400;\" aria-level=\"1\"><span style=\"font-weight: 400;\">Purity from 5N to 11N.<\/span><\/li>\n<li style=\"font-weight: 400;\" aria-level=\"1\"><span style=\"font-weight: 400;\">Standard resistivity 0,5-2,5 Ohmxcm and &lt; &lt;0,02 Ohmxcm, with p\/Boron doping<\/span><\/li>\n<li style=\"font-weight: 400;\" aria-level=\"1\"><span style=\"font-weight: 400;\">Special doping of n-types of As, phosphorus,&#8230; for mono targets are possible <\/span><\/li>\n<li style=\"font-weight: 400;\" aria-level=\"1\"><span style=\"font-weight: 400;\">Undoped silicon<\/span><\/li>\n<\/ul>\n<\/div><\/div><\/div><\/div><\/div><\/div><\/section>\n","protected":false},"excerpt":{"rendered":"Targets in verschiedenen Gr\u00f6\u00dfen. Im Bereich der Beschichtungs- bzw. D\u00fcnnschichtindustrie (Sputter Industrie) ist Silicium ein wesentliches Element f\u00fcr die Beschichtung verschiedenster Materialien und Anwendungsbereiche (Fensterglas, Displays bis hin zu DVD und Blu-Rays).\u00a0\u00a0 Wir k\u00f6nnen Ihnen Targets verschiedener Gr\u00f6\u00dfen und Geometrie anbieten. Durchmesser bis ca. 700 mm (poly oder mono) Rechtecke von ca. 500&#215;800 mm\u00b2 als...","protected":false},"author":1,"featured_media":783,"parent":0,"menu_order":0,"comment_status":"closed","ping_status":"closed","template":"","meta":{"_acf_changed":false,"footnotes":""},"class_list":["post-475","page","type-page","status-publish","has-post-thumbnail","hentry"],"acf":[],"_links":{"self":[{"href":"https:\/\/holmsilicon.de\/en\/wp-json\/wp\/v2\/pages\/475","targetHints":{"allow":["GET"]}}],"collection":[{"href":"https:\/\/holmsilicon.de\/en\/wp-json\/wp\/v2\/pages"}],"about":[{"href":"https:\/\/holmsilicon.de\/en\/wp-json\/wp\/v2\/types\/page"}],"author":[{"embeddable":true,"href":"https:\/\/holmsilicon.de\/en\/wp-json\/wp\/v2\/users\/1"}],"replies":[{"embeddable":true,"href":"https:\/\/holmsilicon.de\/en\/wp-json\/wp\/v2\/comments?post=475"}],"version-history":[{"count":5,"href":"https:\/\/holmsilicon.de\/en\/wp-json\/wp\/v2\/pages\/475\/revisions"}],"predecessor-version":[{"id":928,"href":"https:\/\/holmsilicon.de\/en\/wp-json\/wp\/v2\/pages\/475\/revisions\/928"}],"wp:featuredmedia":[{"embeddable":true,"href":"https:\/\/holmsilicon.de\/en\/wp-json\/wp\/v2\/media\/783"}],"wp:attachment":[{"href":"https:\/\/holmsilicon.de\/en\/wp-json\/wp\/v2\/media?parent=475"}],"curies":[{"name":"wp","href":"https:\/\/api.w.org\/{rel}","templated":true}]}}